{"id":13,"date":"2025-04-16T12:48:09","date_gmt":"2025-04-16T10:48:09","guid":{"rendered":"https:\/\/corsiwebmarketing.org\/happyworkkit\/?page_id=13"},"modified":"2025-05-13T11:47:12","modified_gmt":"2025-05-13T09:47:12","slug":"happy-work-kit","status":"publish","type":"page","link":"https:\/\/corsiwebmarketing.org\/happyworkkit\/happy-work-kit\/","title":{"rendered":"HAPPY WORK-KIT"},"content":{"rendered":"\n<p><\/p>\n\n\n\n<h1 class=\"wp-block-heading\">Mission<\/h1>\n\n\n\n<p><\/p>\n\n\n\n<p><em>La nostra missione \u00e8 creare strumenti e servizi pensati per migliorare il benessere dei dipendenti, aumentando la loro soddisfazione e produttivit\u00e0. Con il nostro <strong>Work-kit<\/strong>, vogliamo offrire soluzioni personalizzate, flessibili e accessibili a tutte le aziende che credono nel valore delle persone.<\/em><\/p>\n\n\n\n<p><em>Vogliamo aiutarti a&nbsp;<strong>ridurre lo stress<\/strong>&nbsp;e a&nbsp;<strong>risparmiare tempo<\/strong>, offrendoti soluzioni pratiche e immediate. Ogni kit \u00e8&nbsp;<strong>compatto, facile da usare<\/strong>&nbsp;e pensato per darti tutto ci\u00f2 che ti serve, proprio quando ne hai bisogno.<\/em><\/p>\n\n\n\n<p><em>Proponiamo soluzioni  che siano&nbsp;<strong>inclusive<\/strong>, sia per i nuovi assunti sia per i dipendenti storici. <\/em><\/p>\n\n\n\n<p><em><strong>Le soluzioni sono usufruibili sia all\u2019interno della struttura aziendale (gli HAPPY KIT pi\u00f9 settoriali), sia al di fuori (Your self kit).<\/strong><\/em><br><em>I primi sono pensati per essere usati&nbsp;<strong>sul posto di lavoro<\/strong> per migliorare il benessere, la produttivit\u00e0 o la comunicazione tra colleghi;<br>i secondi sono personalizzati ad hoc per il tempo libero di ognuno. <br><strong>Noi crediamo che un\u2019azienda  solida si prenda cura del dipendente non solo mentre lavora, ma anche&nbsp;nel suo tempo libero<\/strong>, mostrando attenzione al suo benessere personale, il che rafforza il legame tra persona e azienda.<\/em><\/p>\n\n\n\n<p><em>La nostra Missione principale \u00e8 favorire nelle aziende un ambiente  pi\u00f9 umano, attento e moderno.<\/em><\/p>\n\n\n\n<h2 class=\"wp-block-heading is-style-text-display\" style=\"border-style:none;border-width:0px\">Vision<\/h2>\n\n\n\n<p>Un futuro in cui ogni dipendente si sentir\u00e0 coinvolto e apprezzato in modo autentico dall&#8217;azienda in cui lavora. Andr\u00e0 a lavoro pi\u00f9 stimolato e sar\u00e0 dunque pi\u00f9 produttivo. Verr\u00e0 valorizzato il suo benessere psicologico ed emotivo, non solo mentre lavora ma anche nel suo tempo libero. <\/p>\n\n\n\n<p>Le aziende incentiveranno un rapporto pi\u00f9 umano, consapevole e sostenibile.<em><br><\/em><\/p>\n\n\n\n<h2 class=\"wp-block-heading is-style-text-display\">Value<\/h2>\n\n\n\n<p><\/p>\n\n\n\n<ul class=\"wp-block-list\">\n<li>QUALIT\u00c0 DELLA VITA<\/li>\n\n\n\n<li>SOSTENIBILIT\u00c0<\/li>\n\n\n\n<li>MENO STRESS<\/li>\n\n\n\n<li>MINDFULLNESS<\/li>\n\n\n\n<li>FIDELIZZAZIONE DEL DIPENDENTE<\/li>\n\n\n\n<li>TEMPO<\/li>\n\n\n\n<li>SOLUZIONI CONCRETE<\/li>\n\n\n\n<li>INNOVAZIONE<\/li>\n\n\n\n<li>AFFIDABILIT\u00c0<\/li>\n\n\n\n<li>RISOLVERE IMPREVISTO<\/li>\n\n\n\n<li>ACCESSIBILIT\u00c0 PER TUTTI<\/li>\n<\/ul>\n\n\n\n<p>&nbsp;<\/p>\n\n\n\n<p class=\"is-style-text-display\">Team<\/p>\n\n\n\n<p class=\"is-style-default\"><em>Insoddisfatti dalle esperienze passate, abbiamo fondato questa startup con una missione chiara: costruire un modello di lavoro pi\u00f9 umano, inclusivo e orientato al benessere<\/em>.<\/p>\n\n\n\n<p class=\"is-style-text-display has-x-large-font-size\">Perch\u00e9 nasce <strong>HAPPY WORK-KIT<\/strong>?<\/p>\n\n\n\n<p><em>Cominciare non \u00e8 stato semplice, pensavamo fosse un problema solo nostro.<\/em> <em>Ma attraverso delle analisi di mercato e dei form creati ad hoc, abbiamo capito che quasi sempre il problema era la qualit\u00e0 di vita che l\u2019azienda offriva.<\/em><\/p>\n\n\n\n<p><em>Dopo anni di collaborazione sotto la stessa azienda, abbiamo abbandonato un lavoro che non ci rendeva felici e abbiamo deciso di fondare questa startup mettendo in campo tutte le nostre esperienze passate.<\/em> <\/p>\n\n\n\n<p>Secondo un articolo del <a href=\"https:\/\/www.corriere.it\/economia\/finanza\/24_agosto_04\/turnover-ogni-persona-che-lascia-il-lavoro-costa-all-azienda-la-meta-del-suo-stipendio-d680f1c9-1743-4bdf-bfcc-bea71f9abxlk.shtml\">Corriere della Sera<\/a>, &#8220;ogni persona che lascia il lavoro costa all\u2019azienda la met\u00e0 del suo stipendio. Se infatti un\u2019azienda adotta&nbsp;una strategia che introduce programmi di benessere dei dipendenti&nbsp;<strong>pu\u00f2 incrementare la sua produttivit\u00e0 del 20% rispetto alla media delle aziende che non la adottano<\/strong>.&#8221;<\/p>\n\n\n\n<p>Il Work-Kit \u00e8  stato progettato come un vero e proprio ponte per rafforzare un legame umano in azienda, in un mondo di soli numeri e di infinite macchine. Ecco perch\u00e9 sono nati i nostri kit.<\/p>\n\n\n\n<p><em>-Documentare la missione e la visione<br>Cosa state cercando di risolvere la vostra azienda? Dove state andando?<\/em><\/p>\n\n\n\n<p><em>La nostra missione \u00e8 semplice: potenziare il benessere dei dipendenti sia durante l&#8217;orario lavorativo sia nella vita quotidiana, offrendo kit studiati per stimolare il benessere fisico, mentale ed emotivo. Crediamo che ogni azienda possa crescere ed evolversi diventando un luogo dove le persone non solo lavorano, ma vivono ogni giorno in un clima di collaborazione, autenticit\u00e0 e innovazione. <\/em><\/p>\n\n\n\n<p><em>Il nostro obiettivo \u00e8 mostrare che investire nel benessere del team non \u00e8 solo un valore aggiunto, ma il vero motore del successo aziendale.<\/em><\/p>\n\n\n\n<p><strong>Mission<\/strong><\/p>\n\n\n\n<p><em>Creare strumenti e servizi pensati per migliorare il benessere dei dipendenti, aumentare la loro soddisfazione e produttivit\u00e0. Aiutare a\u00a0<strong>ridurre lo stress<\/strong>\u00a0e a\u00a0<strong>risparmiare tempo<\/strong>, offrire soluzioni pratiche e immediate. <\/em><\/p>\n\n\n\n<p><em>Offrire soluzioni personalizzate, flessibili e accessibili a tutte le aziende che credono nel valore delle persone.<\/em> METTERLO MEGLIO <\/p>\n\n\n\n<p><\/p>\n\n\n\n<p><strong>Vision<\/strong><\/p>\n\n\n\n<p>Un futuro in cui ogni dipendente si sentir\u00e0 coinvolto e apprezzato in modo autentico dall&#8217;azienda in cui lavora. Andr\u00e0 a lavoro pi\u00f9 stimolato e sar\u00e0 dunque pi\u00f9 produttivo. Verr\u00e0 valorizzato il suo benessere psicologico ed emotivo, non solo mentre lavora ma anche nel suo tempo libero.<\/p>\n\n\n\n<p>Le aziende incentiveranno un rapporto pi\u00f9 umano, consapevole e sostenibile.- <\/p>\n\n\n\n<p>INTEGRARE VISION: SCRIVERE PI\u00f9 DETTAGLIATAMENTE, QUINDI: pi\u00f9 felici e quindi pi\u00f9 produttivit\u00e0 e di conseguenza una crescita indiretta dell&#8217;azienda <em><br><\/em><\/p>\n\n\n\n<p><strong>Value <\/strong><\/p>\n\n\n\n<p><br>Fare la differenza, Crescita, Empatia, Entusiasmo, <br>Cambiamento<\/p>\n\n\n\n<div class=\"wp-block-group alignfull\" style=\"margin-top:0;margin-bottom:0;padding-top:var(--wp--preset--spacing--70);padding-bottom:var(--wp--preset--spacing--70)\"><div class=\"wp-block-group__inner-container is-layout-constrained wp-container-core-group-is-layout-4651deb1 wp-block-group-is-layout-constrained\">\n<div class=\"wp-block-columns alignwide is-layout-flex wp-container-core-columns-is-layout-08a2a807 wp-block-columns-is-layout-flex\">\n<div class=\"wp-block-column is-vertically-aligned-center is-layout-flow wp-block-column-is-layout-flow\">\n<p><\/p>\n<\/div>\n\n\n\n<div class=\"wp-block-column is-vertically-aligned-center is-layout-flow wp-block-column-is-layout-flow\"><\/div>\n<\/div>\n<\/div><\/div>\n\n\n\n<p class=\"has-medium-font-size\"><\/p>\n\n\n\n<div class=\"wp-block-group\"><div class=\"wp-block-group__inner-container is-layout-constrained wp-block-group-is-layout-constrained\">\n<div class=\"wp-block-group alignwide\" style=\"padding-top:var(--wp--preset--spacing--60);padding-bottom:var(--wp--preset--spacing--30)\"><div class=\"wp-block-group__inner-container is-layout-constrained wp-block-group-is-layout-constrained\">\n<div class=\"wp-block-group alignwide\"><div class=\"wp-block-group__inner-container is-layout-constrained wp-block-group-is-layout-constrained\"><\/div><\/div>\n<\/div><\/div>\n<\/div><\/div>\n\n\n\n<div class=\"wp-block-group alignfull has-background-color has-white-color has-black-background-color has-text-color has-background has-link-color wp-elements-4f918f5da70752119fc26e782e7f6d49\" style=\"padding-top:var(--wp--preset--spacing--30);padding-right:var(--wp--preset--spacing--30);padding-bottom:var(--wp--preset--spacing--30);padding-left:var(--wp--preset--spacing--30)\"><div class=\"wp-block-group__inner-container is-layout-constrained wp-container-core-group-is-layout-23b1a4dc wp-block-group-is-layout-constrained\">\n<div class=\"wp-block-group alignwide is-content-justification-space-between is-layout-flex wp-container-core-group-is-layout-b585a4aa wp-block-group-is-layout-flex\">\n<div class=\"wp-block-group is-layout-flex wp-block-group-is-layout-flex\">\n\n<h1 class=\"has-link-color wp-elements-f1e98d6c897e424c7d4e8232ded39f0a wp-block-site-title\"><a href=\"https:\/\/corsiwebmarketing.org\/happyworkkit\" target=\"_self\" rel=\"home\">Happy Work Kit<\/a><\/h1><\/div>\n\n\n\n<div class=\"wp-block-group is-layout-flex wp-block-group-is-layout-flex\"><\/div>\n<\/div>\n<\/div><\/div>\n\n\n\n<div class=\"wp-block-group alignfull\" style=\"margin-top:0;margin-bottom:0;padding-top:var(--wp--preset--spacing--60);padding-bottom:var(--wp--preset--spacing--60)\"><div class=\"wp-block-group__inner-container is-layout-constrained wp-container-core-group-is-layout-0d85de7f wp-block-group-is-layout-constrained\">\n<h2 class=\"wp-block-heading alignwide has-xx-large-font-size\"><\/h2>\n\n\n\n<div class=\"wp-block-columns alignwide is-layout-flex wp-container-core-columns-is-layout-714d85e9 wp-block-columns-is-layout-flex\">\n<div class=\"wp-block-column has-border-color is-layout-flow wp-block-column-is-layout-flow\" style=\"border-color:var(--wp--preset--color--accent-6);border-width:1px;border-radius:10px;padding-top:var(--wp--preset--spacing--40);padding-right:var(--wp--preset--spacing--40);padding-bottom:var(--wp--preset--spacing--40);padding-left:var(--wp--preset--spacing--40)\">\n<blockquote class=\"wp-block-quote is-style-plain has-x-large-font-size is-layout-flow wp-container-core-quote-is-layout-119bc444 wp-block-quote-is-layout-flow\" style=\"font-style:normal;font-weight:400\">\n<div class=\"wp-block-group is-content-justification-left\" style=\"margin-top:0;margin-bottom:0;padding-top:0;padding-right:0;padding-bottom:0;padding-left:0\"><div class=\"wp-block-group__inner-container is-layout-constrained wp-container-core-group-is-layout-085bd3d9 wp-block-group-is-layout-constrained\">\n<p style=\"line-height:1.1\"><\/p>\n<\/div><\/div>\n<\/blockquote>\n<\/div>\n\n\n\n<div class=\"wp-block-column has-border-color is-layout-flow wp-block-column-is-layout-flow\" style=\"border-color:var(--wp--preset--color--accent-6);border-width:1px;border-radius:10px;padding-top:var(--wp--preset--spacing--40);padding-right:var(--wp--preset--spacing--40);padding-bottom:var(--wp--preset--spacing--40);padding-left:var(--wp--preset--spacing--40)\">\n<blockquote class=\"wp-block-quote is-style-plain has-x-large-font-size is-layout-flow wp-container-core-quote-is-layout-119bc444 wp-block-quote-is-layout-flow\" style=\"font-style:normal;font-weight:400\">\n<div class=\"wp-block-group is-content-justification-left\" style=\"margin-top:0;margin-bottom:0;padding-top:0;padding-right:0;padding-bottom:0;padding-left:0\"><div class=\"wp-block-group__inner-container is-layout-constrained wp-container-core-group-is-layout-085bd3d9 wp-block-group-is-layout-constrained\">\n<p style=\"line-height:1.1\"><\/p>\n<\/div><\/div>\n<\/blockquote>\n<\/div>\n\n\n\n<div class=\"wp-block-column has-border-color is-layout-flow wp-block-column-is-layout-flow\" style=\"border-color:var(--wp--preset--color--accent-6);border-width:1px;border-radius:10px;padding-top:var(--wp--preset--spacing--40);padding-right:var(--wp--preset--spacing--40);padding-bottom:var(--wp--preset--spacing--40);padding-left:var(--wp--preset--spacing--40)\">\n<blockquote class=\"wp-block-quote is-style-plain has-x-large-font-size is-layout-flow wp-container-core-quote-is-layout-119bc444 wp-block-quote-is-layout-flow\" style=\"font-style:normal;font-weight:400\">\n<div class=\"wp-block-group is-content-justification-left\" style=\"margin-top:0;margin-bottom:0;padding-top:0;padding-right:0;padding-bottom:0;padding-left:0\"><div class=\"wp-block-group__inner-container is-layout-constrained wp-container-core-group-is-layout-085bd3d9 wp-block-group-is-layout-constrained\">\n<p style=\"line-height:1.1\"><\/p>\n<\/div><\/div>\n<cite><br><\/cite><\/blockquote>\n<\/div>\n<\/div>\n\n\n\n<div class=\"wp-block-columns alignwide is-layout-flex wp-container-core-columns-is-layout-714d85e9 wp-block-columns-is-layout-flex\">\n<div class=\"wp-block-column has-border-color is-layout-flow wp-block-column-is-layout-flow\" style=\"border-color:var(--wp--preset--color--accent-6);border-width:1px;border-radius:10px;padding-top:var(--wp--preset--spacing--40);padding-right:var(--wp--preset--spacing--40);padding-bottom:var(--wp--preset--spacing--40);padding-left:var(--wp--preset--spacing--40)\">\n<blockquote class=\"wp-block-quote is-style-plain has-x-large-font-size is-layout-flow wp-container-core-quote-is-layout-119bc444 wp-block-quote-is-layout-flow\" style=\"font-style:normal;font-weight:400\">\n<div class=\"wp-block-group is-content-justification-left\" style=\"margin-top:0;margin-bottom:0;padding-top:0;padding-right:0;padding-bottom:0;padding-left:0\"><div class=\"wp-block-group__inner-container is-layout-constrained wp-container-core-group-is-layout-085bd3d9 wp-block-group-is-layout-constrained\">\n<p style=\"line-height:1.1\"><\/p>\n<\/div><\/div>\n<\/blockquote>\n<\/div>\n\n\n\n<div class=\"wp-block-column has-border-color is-layout-flow wp-block-column-is-layout-flow\" style=\"border-color:var(--wp--preset--color--accent-6);border-width:1px;border-radius:10px;padding-top:var(--wp--preset--spacing--40);padding-right:var(--wp--preset--spacing--40);padding-bottom:var(--wp--preset--spacing--40);padding-left:var(--wp--preset--spacing--40)\">\n<blockquote class=\"wp-block-quote is-style-plain has-x-large-font-size is-layout-flow wp-container-core-quote-is-layout-119bc444 wp-block-quote-is-layout-flow\" style=\"font-style:normal;font-weight:400\">\n<div class=\"wp-block-group is-content-justification-left\" style=\"margin-top:0;margin-bottom:0;padding-top:0;padding-right:0;padding-bottom:0;padding-left:0\"><div class=\"wp-block-group__inner-container is-layout-constrained wp-container-core-group-is-layout-085bd3d9 wp-block-group-is-layout-constrained\">\n<p style=\"line-height:1.1\"><\/p>\n<\/div><\/div>\n<\/blockquote>\n<\/div>\n<\/div>\n<\/div><\/div>\n\n\n\n<p><\/p>\n","protected":false},"excerpt":{"rendered":"<p>Mission La nostra missione \u00e8 creare strumenti e servizi pensati per migliorare il benessere dei dipendenti, aumentando la loro soddisfazione e produttivit\u00e0. Con il nostro Work-kit, vogliamo offrire soluzioni personalizzate, flessibili e accessibili a tutte le aziende che credono nel valore delle persone. Vogliamo aiutarti a&nbsp;ridurre lo stress&nbsp;e a&nbsp;risparmiare tempo, offrendoti soluzioni pratiche e immediate. [&hellip;]<\/p>\n","protected":false},"author":1555,"featured_media":0,"parent":0,"menu_order":0,"comment_status":"closed","ping_status":"closed","template":"","meta":{"footnotes":""},"class_list":["post-13","page","type-page","status-publish","hentry"],"yoast_head":"<!-- This site is optimized with the Yoast SEO plugin v27.5 - https:\/\/yoast.com\/product\/yoast-seo-wordpress\/ -->\n<title>HAPPY WORK-KIT - Happy Work Kit<\/title>\n<meta name=\"robots\" content=\"noindex, follow, max-snippet:-1, max-image-preview:large, max-video-preview:-1\" \/>\n<meta property=\"og:locale\" content=\"it_IT\" \/>\n<meta property=\"og:type\" content=\"article\" \/>\n<meta property=\"og:title\" content=\"HAPPY WORK-KIT - Happy Work Kit\" \/>\n<meta property=\"og:description\" content=\"Mission La nostra missione \u00e8 creare strumenti e servizi pensati per migliorare il benessere dei dipendenti, aumentando la loro soddisfazione e produttivit\u00e0. Con il nostro Work-kit, vogliamo offrire soluzioni personalizzate, flessibili e accessibili a tutte le aziende che credono nel valore delle persone. Vogliamo aiutarti a&nbsp;ridurre lo stress&nbsp;e a&nbsp;risparmiare tempo, offrendoti soluzioni pratiche e immediate. [&hellip;]\" \/>\n<meta property=\"og:url\" content=\"https:\/\/corsiwebmarketing.org\/happyworkkit\/happy-work-kit\/\" \/>\n<meta property=\"og:site_name\" content=\"Happy Work Kit\" \/>\n<meta property=\"article:modified_time\" content=\"2025-05-13T09:47:12+00:00\" \/>\n<meta name=\"twitter:card\" content=\"summary_large_image\" \/>\n<meta name=\"twitter:label1\" content=\"Tempo di lettura stimato\" \/>\n\t<meta name=\"twitter:data1\" content=\"4 minuti\" \/>\n<script type=\"application\/ld+json\" class=\"yoast-schema-graph\">{\"@context\":\"https:\\\/\\\/schema.org\",\"@graph\":[{\"@type\":\"WebPage\",\"@id\":\"https:\\\/\\\/corsiwebmarketing.org\\\/happyworkkit\\\/happy-work-kit\\\/\",\"url\":\"https:\\\/\\\/corsiwebmarketing.org\\\/happyworkkit\\\/happy-work-kit\\\/\",\"name\":\"HAPPY WORK-KIT - Happy Work Kit\",\"isPartOf\":{\"@id\":\"https:\\\/\\\/corsiwebmarketing.org\\\/happyworkkit\\\/#website\"},\"datePublished\":\"2025-04-16T10:48:09+00:00\",\"dateModified\":\"2025-05-13T09:47:12+00:00\",\"breadcrumb\":{\"@id\":\"https:\\\/\\\/corsiwebmarketing.org\\\/happyworkkit\\\/happy-work-kit\\\/#breadcrumb\"},\"inLanguage\":\"it-IT\",\"potentialAction\":[{\"@type\":\"ReadAction\",\"target\":[\"https:\\\/\\\/corsiwebmarketing.org\\\/happyworkkit\\\/happy-work-kit\\\/\"]}]},{\"@type\":\"BreadcrumbList\",\"@id\":\"https:\\\/\\\/corsiwebmarketing.org\\\/happyworkkit\\\/happy-work-kit\\\/#breadcrumb\",\"itemListElement\":[{\"@type\":\"ListItem\",\"position\":1,\"name\":\"Home\",\"item\":\"https:\\\/\\\/corsiwebmarketing.org\\\/happyworkkit\\\/\"},{\"@type\":\"ListItem\",\"position\":2,\"name\":\"HAPPY WORK-KIT\"}]},{\"@type\":\"WebSite\",\"@id\":\"https:\\\/\\\/corsiwebmarketing.org\\\/happyworkkit\\\/#website\",\"url\":\"https:\\\/\\\/corsiwebmarketing.org\\\/happyworkkit\\\/\",\"name\":\"Happy Work Kit\",\"description\":\"\",\"potentialAction\":[{\"@type\":\"SearchAction\",\"target\":{\"@type\":\"EntryPoint\",\"urlTemplate\":\"https:\\\/\\\/corsiwebmarketing.org\\\/happyworkkit\\\/?s={search_term_string}\"},\"query-input\":{\"@type\":\"PropertyValueSpecification\",\"valueRequired\":true,\"valueName\":\"search_term_string\"}}],\"inLanguage\":\"it-IT\"}]}<\/script>\n<!-- \/ Yoast SEO plugin. -->","yoast_head_json":{"title":"HAPPY WORK-KIT - Happy Work Kit","robots":{"index":"noindex","follow":"follow","max-snippet":"max-snippet:-1","max-image-preview":"max-image-preview:large","max-video-preview":"max-video-preview:-1"},"og_locale":"it_IT","og_type":"article","og_title":"HAPPY WORK-KIT - Happy Work Kit","og_description":"Mission La nostra missione \u00e8 creare strumenti e servizi pensati per migliorare il benessere dei dipendenti, aumentando la loro soddisfazione e produttivit\u00e0. Con il nostro Work-kit, vogliamo offrire soluzioni personalizzate, flessibili e accessibili a tutte le aziende che credono nel valore delle persone. Vogliamo aiutarti a&nbsp;ridurre lo stress&nbsp;e a&nbsp;risparmiare tempo, offrendoti soluzioni pratiche e immediate. [&hellip;]","og_url":"https:\/\/corsiwebmarketing.org\/happyworkkit\/happy-work-kit\/","og_site_name":"Happy Work Kit","article_modified_time":"2025-05-13T09:47:12+00:00","twitter_card":"summary_large_image","twitter_misc":{"Tempo di lettura stimato":"4 minuti"},"schema":{"@context":"https:\/\/schema.org","@graph":[{"@type":"WebPage","@id":"https:\/\/corsiwebmarketing.org\/happyworkkit\/happy-work-kit\/","url":"https:\/\/corsiwebmarketing.org\/happyworkkit\/happy-work-kit\/","name":"HAPPY WORK-KIT - Happy Work Kit","isPartOf":{"@id":"https:\/\/corsiwebmarketing.org\/happyworkkit\/#website"},"datePublished":"2025-04-16T10:48:09+00:00","dateModified":"2025-05-13T09:47:12+00:00","breadcrumb":{"@id":"https:\/\/corsiwebmarketing.org\/happyworkkit\/happy-work-kit\/#breadcrumb"},"inLanguage":"it-IT","potentialAction":[{"@type":"ReadAction","target":["https:\/\/corsiwebmarketing.org\/happyworkkit\/happy-work-kit\/"]}]},{"@type":"BreadcrumbList","@id":"https:\/\/corsiwebmarketing.org\/happyworkkit\/happy-work-kit\/#breadcrumb","itemListElement":[{"@type":"ListItem","position":1,"name":"Home","item":"https:\/\/corsiwebmarketing.org\/happyworkkit\/"},{"@type":"ListItem","position":2,"name":"HAPPY WORK-KIT"}]},{"@type":"WebSite","@id":"https:\/\/corsiwebmarketing.org\/happyworkkit\/#website","url":"https:\/\/corsiwebmarketing.org\/happyworkkit\/","name":"Happy Work Kit","description":"","potentialAction":[{"@type":"SearchAction","target":{"@type":"EntryPoint","urlTemplate":"https:\/\/corsiwebmarketing.org\/happyworkkit\/?s={search_term_string}"},"query-input":{"@type":"PropertyValueSpecification","valueRequired":true,"valueName":"search_term_string"}}],"inLanguage":"it-IT"}]}},"_links":{"self":[{"href":"https:\/\/corsiwebmarketing.org\/happyworkkit\/wp-json\/wp\/v2\/pages\/13","targetHints":{"allow":["GET"]}}],"collection":[{"href":"https:\/\/corsiwebmarketing.org\/happyworkkit\/wp-json\/wp\/v2\/pages"}],"about":[{"href":"https:\/\/corsiwebmarketing.org\/happyworkkit\/wp-json\/wp\/v2\/types\/page"}],"author":[{"embeddable":true,"href":"https:\/\/corsiwebmarketing.org\/happyworkkit\/wp-json\/wp\/v2\/users\/1555"}],"replies":[{"embeddable":true,"href":"https:\/\/corsiwebmarketing.org\/happyworkkit\/wp-json\/wp\/v2\/comments?post=13"}],"version-history":[{"count":17,"href":"https:\/\/corsiwebmarketing.org\/happyworkkit\/wp-json\/wp\/v2\/pages\/13\/revisions"}],"predecessor-version":[{"id":911,"href":"https:\/\/corsiwebmarketing.org\/happyworkkit\/wp-json\/wp\/v2\/pages\/13\/revisions\/911"}],"wp:attachment":[{"href":"https:\/\/corsiwebmarketing.org\/happyworkkit\/wp-json\/wp\/v2\/media?parent=13"}],"curies":[{"name":"wp","href":"https:\/\/api.w.org\/{rel}","templated":true}]}}